{"id":60,"date":"2019-07-11T00:37:06","date_gmt":"2019-07-10T22:37:06","guid":{"rendered":"https:\/\/baportal.sk\/praca\/?page_id=60"},"modified":"2020-10-14T19:50:37","modified_gmt":"2020-10-14T17:50:37","slug":"ponuky","status":"publish","type":"page","link":"https:\/\/baportal.sk\/praca\/","title":{"rendered":"Ponuky pr\u00e1ce v Bratislave"},"content":{"rendered":"","protected":false},"excerpt":{"rendered":"","protected":false},"author":1,"featured_media":0,"parent":0,"menu_order":0,"comment_status":"closed","ping_status":"closed","template":"","meta":{"footnotes":""},"class_list":["post-60","page","type-page","status-publish","hentry"],"yoast_head":"<!-- This site is optimized with the Yoast SEO plugin v23.1 - https:\/\/yoast.com\/wordpress\/plugins\/seo\/ -->\n<title>Pracovn\u00e9 ponuky, pr\u00e1ca, brig\u00e1dy v Bratislave - BAportal.sk - Bratislava<\/title>\n<meta name=\"description\" content=\"Ponuky pr\u00e1ce a brig\u00e1dy v Bratislave. Prezerajte inzer\u00e1ty pr\u00e1ce z r\u00f4znych pracovn\u00fdch port\u00e1lov na jednom mieste.\" \/>\n<meta name=\"robots\" content=\"index, follow, max-snippet:-1, max-image-preview:large, max-video-preview:-1\" \/>\n<link rel=\"canonical\" href=\"https:\/\/baportal.sk\/praca\/\" \/>\n<meta property=\"og:locale\" content=\"sk_SK\" \/>\n<meta property=\"og:type\" content=\"article\" \/>\n<meta property=\"og:title\" content=\"Pracovn\u00e9 ponuky, pr\u00e1ca, brig\u00e1dy v Bratislave - BAportal.sk - Bratislava\" \/>\n<meta property=\"og:description\" content=\"Ponuky pr\u00e1ce a brig\u00e1dy v Bratislave. Prezerajte inzer\u00e1ty pr\u00e1ce z r\u00f4znych pracovn\u00fdch port\u00e1lov na jednom mieste.\" \/>\n<meta property=\"og:url\" content=\"https:\/\/baportal.sk\/praca\/\" \/>\n<meta property=\"og:site_name\" content=\"Pr\u00e1ca - Baportal.sk - Bratislava\" \/>\n<meta property=\"article:modified_time\" content=\"2020-10-14T17:50:37+00:00\" \/>\n<meta name=\"twitter:card\" content=\"summary_large_image\" \/>\n<script type=\"application\/ld+json\" class=\"yoast-schema-graph\">{\"@context\":\"https:\/\/schema.org\",\"@graph\":[{\"@type\":\"WebPage\",\"@id\":\"https:\/\/baportal.sk\/praca\/\",\"url\":\"https:\/\/baportal.sk\/praca\/\",\"name\":\"Pracovn\u00e9 ponuky, pr\u00e1ca, brig\u00e1dy v Bratislave - BAportal.sk - Bratislava\",\"isPartOf\":{\"@id\":\"https:\/\/baportal.sk\/praca\/#website\"},\"datePublished\":\"2019-07-10T22:37:06+00:00\",\"dateModified\":\"2020-10-14T17:50:37+00:00\",\"description\":\"Ponuky pr\u00e1ce a brig\u00e1dy v Bratislave. Prezerajte inzer\u00e1ty pr\u00e1ce z r\u00f4znych pracovn\u00fdch port\u00e1lov na jednom mieste.\",\"breadcrumb\":{\"@id\":\"https:\/\/baportal.sk\/praca\/#breadcrumb\"},\"inLanguage\":\"sk-SK\",\"potentialAction\":[{\"@type\":\"ReadAction\",\"target\":[\"https:\/\/baportal.sk\/praca\/\"]}]},{\"@type\":\"BreadcrumbList\",\"@id\":\"https:\/\/baportal.sk\/praca\/#breadcrumb\",\"itemListElement\":[{\"@type\":\"ListItem\",\"position\":1,\"name\":\"Domovsk\u00e1 str\u00e1nka\",\"item\":\"https:\/\/baportal.sk\/praca\/\"},{\"@type\":\"ListItem\",\"position\":2,\"name\":\"Ponuky pr\u00e1ce v Bratislave\"}]},{\"@type\":\"WebSite\",\"@id\":\"https:\/\/baportal.sk\/praca\/#website\",\"url\":\"https:\/\/baportal.sk\/praca\/\",\"name\":\"Pr\u00e1ca - Baportal.sk - Bratislava\",\"description\":\"\",\"potentialAction\":[{\"@type\":\"SearchAction\",\"target\":{\"@type\":\"EntryPoint\",\"urlTemplate\":\"https:\/\/baportal.sk\/praca\/?s={search_term_string}\"},\"query-input\":\"required name=search_term_string\"}],\"inLanguage\":\"sk-SK\"}]}<\/script>\n<!-- \/ Yoast SEO plugin. -->","yoast_head_json":{"title":"Pracovn\u00e9 ponuky, pr\u00e1ca, brig\u00e1dy v Bratislave - BAportal.sk - Bratislava","description":"Ponuky pr\u00e1ce a brig\u00e1dy v Bratislave. Prezerajte inzer\u00e1ty pr\u00e1ce z r\u00f4znych pracovn\u00fdch port\u00e1lov na jednom mieste.","robots":{"index":"index","follow":"follow","max-snippet":"max-snippet:-1","max-image-preview":"max-image-preview:large","max-video-preview":"max-video-preview:-1"},"canonical":"https:\/\/baportal.sk\/praca\/","og_locale":"sk_SK","og_type":"article","og_title":"Pracovn\u00e9 ponuky, pr\u00e1ca, brig\u00e1dy v Bratislave - BAportal.sk - Bratislava","og_description":"Ponuky pr\u00e1ce a brig\u00e1dy v Bratislave. Prezerajte inzer\u00e1ty pr\u00e1ce z r\u00f4znych pracovn\u00fdch port\u00e1lov na jednom mieste.","og_url":"https:\/\/baportal.sk\/praca\/","og_site_name":"Pr\u00e1ca - Baportal.sk - Bratislava","article_modified_time":"2020-10-14T17:50:37+00:00","twitter_card":"summary_large_image","schema":{"@context":"https:\/\/schema.org","@graph":[{"@type":"WebPage","@id":"https:\/\/baportal.sk\/praca\/","url":"https:\/\/baportal.sk\/praca\/","name":"Pracovn\u00e9 ponuky, pr\u00e1ca, brig\u00e1dy v Bratislave - BAportal.sk - Bratislava","isPartOf":{"@id":"https:\/\/baportal.sk\/praca\/#website"},"datePublished":"2019-07-10T22:37:06+00:00","dateModified":"2020-10-14T17:50:37+00:00","description":"Ponuky pr\u00e1ce a brig\u00e1dy v Bratislave. Prezerajte inzer\u00e1ty pr\u00e1ce z r\u00f4znych pracovn\u00fdch port\u00e1lov na jednom mieste.","breadcrumb":{"@id":"https:\/\/baportal.sk\/praca\/#breadcrumb"},"inLanguage":"sk-SK","potentialAction":[{"@type":"ReadAction","target":["https:\/\/baportal.sk\/praca\/"]}]},{"@type":"BreadcrumbList","@id":"https:\/\/baportal.sk\/praca\/#breadcrumb","itemListElement":[{"@type":"ListItem","position":1,"name":"Domovsk\u00e1 str\u00e1nka","item":"https:\/\/baportal.sk\/praca\/"},{"@type":"ListItem","position":2,"name":"Ponuky pr\u00e1ce v Bratislave"}]},{"@type":"WebSite","@id":"https:\/\/baportal.sk\/praca\/#website","url":"https:\/\/baportal.sk\/praca\/","name":"Pr\u00e1ca - Baportal.sk - Bratislava","description":"","potentialAction":[{"@type":"SearchAction","target":{"@type":"EntryPoint","urlTemplate":"https:\/\/baportal.sk\/praca\/?s={search_term_string}"},"query-input":"required name=search_term_string"}],"inLanguage":"sk-SK"}]}},"_links":{"self":[{"href":"https:\/\/baportal.sk\/praca\/wp-json\/wp\/v2\/pages\/60"}],"collection":[{"href":"https:\/\/baportal.sk\/praca\/wp-json\/wp\/v2\/pages"}],"about":[{"href":"https:\/\/baportal.sk\/praca\/wp-json\/wp\/v2\/types\/page"}],"author":[{"embeddable":true,"href":"https:\/\/baportal.sk\/praca\/wp-json\/wp\/v2\/users\/1"}],"replies":[{"embeddable":true,"href":"https:\/\/baportal.sk\/praca\/wp-json\/wp\/v2\/comments?post=60"}],"version-history":[{"count":3,"href":"https:\/\/baportal.sk\/praca\/wp-json\/wp\/v2\/pages\/60\/revisions"}],"predecessor-version":[{"id":784,"href":"https:\/\/baportal.sk\/praca\/wp-json\/wp\/v2\/pages\/60\/revisions\/784"}],"wp:attachment":[{"href":"https:\/\/baportal.sk\/praca\/wp-json\/wp\/v2\/media?parent=60"}],"curies":[{"name":"wp","href":"https:\/\/api.w.org\/{rel}","templated":true}]}}